{"id":2206,"date":"2018-10-28T10:11:32","date_gmt":"2018-10-28T08:11:32","guid":{"rendered":"https:\/\/avsarvinc.com\/mobil\/?page_id=2206"},"modified":"2019-07-21T07:20:13","modified_gmt":"2019-07-21T04:20:13","slug":"iletisim","status":"publish","type":"page","link":"https:\/\/avsarvinc.com\/mobil\/iletisim\/","title":{"rendered":"\u0130leti\u015fim"},"content":{"rendered":"<h3 style=\"text-align: center;\">Yukar\u0131daki k\u0131s\u0131m\u0131 doldurarak\u00a0yada direk olarak a\u015fa\u011f\u0131daki telefon numaras\u0131ndan bize 7\/24 ula\u015fabilirsiniz&#8230;<\/h3>\n<h2 style=\"text-align: center;\">G\u00fcntay AV\u015eAR<\/h2>\n<h2 style=\"text-align: center;\">Telefon: 0532 484 46 14<\/h2>\n","protected":false},"excerpt":{"rendered":"<p>Yukar\u0131daki k\u0131s\u0131m\u0131 doldurarak\u00a0yada direk olarak a\u015fa\u011f\u0131daki telefon numaras\u0131ndan bize 7\/24 ula\u015fabilirsiniz&#8230; G\u00fcntay AV\u015eAR Telefon: 0532 484 46 14<\/p>\n","protected":false},"author":1,"featured_media":0,"parent":0,"menu_order":0,"comment_status":"closed","ping_status":"closed","template":"","meta":[],"aioseo_notices":[],"_links":{"self":[{"href":"https:\/\/avsarvinc.com\/mobil\/wp-json\/wp\/v2\/pages\/2206"}],"collection":[{"href":"https:\/\/avsarvinc.com\/mobil\/wp-json\/wp\/v2\/pages"}],"about":[{"href":"https:\/\/avsarvinc.com\/mobil\/wp-json\/wp\/v2\/types\/page"}],"author":[{"embeddable":true,"href":"https:\/\/avsarvinc.com\/mobil\/wp-json\/wp\/v2\/users\/1"}],"replies":[{"embeddable":true,"href":"https:\/\/avsarvinc.com\/mobil\/wp-json\/wp\/v2\/comments?post=2206"}],"version-history":[{"count":1,"href":"https:\/\/avsarvinc.com\/mobil\/wp-json\/wp\/v2\/pages\/2206\/revisions"}],"predecessor-version":[{"id":2429,"href":"https:\/\/avsarvinc.com\/mobil\/wp-json\/wp\/v2\/pages\/2206\/revisions\/2429"}],"wp:attachment":[{"href":"https:\/\/avsarvinc.com\/mobil\/wp-json\/wp\/v2\/media?parent=2206"}],"curies":[{"name":"wp","href":"https:\/\/api.w.org\/{rel}","templated":true}]}}