{"id":2202,"date":"2018-10-28T10:10:47","date_gmt":"2018-10-28T08:10:47","guid":{"rendered":"https:\/\/avsarvinc.com\/mobil\/?page_id=2202"},"modified":"2019-07-21T07:20:44","modified_gmt":"2019-07-21T04:20:44","slug":"hakkimizda","status":"publish","type":"page","link":"https:\/\/avsarvinc.com\/mobil\/hakkimizda\/","title":{"rendered":"Hakk\u0131m\u0131zda"},"content":{"rendered":"<p style=\"text-align: center;\">Av\u015far Vin\u00e7 2009 y\u0131l\u0131nda kurulan, kaliteli hizmete \u00f6nem veren ve kalite asla tesad\u00fcf de\u011fildir slogan\u0131 ile yola \u00e7\u0131kan, g\u00fcc\u00fcn\u00fc m\u00fc\u015fteri memnuniyetinden alan k\u00f6kl\u00fc bir kurulu\u015ftur.<\/p>\n<p><img decoding=\"async\" loading=\"lazy\" class=\"aligncenter size-full wp-image-1594\" src=\"https:\/\/avsarvinc.com\/mobil\/wp-content\/uploads\/2018\/08\/3.png\" alt=\"\" width=\"627\" height=\"239\" srcset=\"https:\/\/avsarvinc.com\/mobil\/wp-content\/uploads\/2018\/08\/3.png 627w, https:\/\/avsarvinc.com\/mobil\/wp-content\/uploads\/2018\/08\/3-300x114.png 300w\" sizes=\"(max-width: 627px) 100vw, 627px\" \/><\/p>\n<p style=\"text-align: center;\">\u0130stanbulun Anadolu ve Avrupa Yakas\u0131na, Kocaeli ve civar\u0131na <a href=\"https:\/\/avsarvinc.com\">kiral\u0131k vin\u00e7<\/a> hizmeti sunan, sekt\u00f6re \u00f6nc\u00fc olmu\u015f bir kurulu\u015ftur.<\/p>\n<p>Verdi\u011fimiz Hizmetler:<\/p>\n<ul>\n<li>Mobil Vin\u00e7 Hizmetleri<\/li>\n<li>Sepetli Vin\u00e7 Hizmetleri<\/li>\n<li>Hiyap Vin\u00e7 Hizmetleti<\/li>\n<li>Teleskobik Vin\u00e7 Hizmetleri<\/li>\n<li>\u00c7ift K\u0131rmal\u0131 Vin\u00e7 Hizmetleri<\/li>\n<li>Oto \u00e7ekme ve Kurtarma \u0130\u015flemleri<\/li>\n<li>Kiral\u0131k Vantuz Hizmetleri<\/li>\n<li>A\u011f\u0131r Y\u00fck Ta\u015f\u0131ma Hizmetleri<\/li>\n<li>Forklift ve Kep\u00e7e Kiralama<\/li>\n<\/ul>\n<p><img decoding=\"async\" loading=\"lazy\" class=\"aligncenter size-full wp-image-1822\" src=\"https:\/\/avsarvinc.com\/mobil\/wp-content\/uploads\/2018\/08\/av\u015far-vin\u00e7-kiralama.png\" alt=\"\" width=\"584\" height=\"228\" srcset=\"https:\/\/avsarvinc.com\/mobil\/wp-content\/uploads\/2018\/08\/av\u015far-vin\u00e7-kiralama.png 584w, https:\/\/avsarvinc.com\/mobil\/wp-content\/uploads\/2018\/08\/av\u015far-vin\u00e7-kiralama-300x117.png 300w\" sizes=\"(max-width: 584px) 100vw, 584px\" \/><\/p>\n<p>&nbsp;<\/p>\n<p style=\"text-align: center;\">Sizde kaliteli bir hizmet alabilmek i\u00e7in bizi <span style=\"color: #ff0000;\">7\/24<\/span>\u00a0 <span style=\"color: #0000ff;\">05324844614<\/span> nolu telefondan arayabilirsiniz.<\/p>\n<p style=\"text-align: center;\">Av\u015far Vin\u00e7<\/p>\n","protected":false},"excerpt":{"rendered":"<p>Av\u015far Vin\u00e7 2009 y\u0131l\u0131nda kurulan, kaliteli hizmete \u00f6nem veren ve kalite asla tesad\u00fcf de\u011fildir slogan\u0131 ile yola \u00e7\u0131kan, g\u00fcc\u00fcn\u00fc m\u00fc\u015fteri memnuniyetinden alan k\u00f6kl\u00fc bir kurulu\u015ftur. \u0130stanbulun Anadolu ve Avrupa Yakas\u0131na, Kocaeli ve civar\u0131na kiral\u0131k vin\u00e7 hizmeti sunan, sekt\u00f6re \u00f6nc\u00fc olmu\u015f bir kurulu\u015ftur. Verdi\u011fimiz Hizmetler: Mobil Vin\u00e7 Hizmetleri Sepetli Vin\u00e7 Hizmetleri Hiyap Vin\u00e7 Hizmetleti Teleskobik Vin\u00e7 [&hellip;]<\/p>\n","protected":false},"author":1,"featured_media":0,"parent":0,"menu_order":0,"comment_status":"closed","ping_status":"closed","template":"","meta":[],"aioseo_notices":[],"_links":{"self":[{"href":"https:\/\/avsarvinc.com\/mobil\/wp-json\/wp\/v2\/pages\/2202"}],"collection":[{"href":"https:\/\/avsarvinc.com\/mobil\/wp-json\/wp\/v2\/pages"}],"about":[{"href":"https:\/\/avsarvinc.com\/mobil\/wp-json\/wp\/v2\/types\/page"}],"author":[{"embeddable":true,"href":"https:\/\/avsarvinc.com\/mobil\/wp-json\/wp\/v2\/users\/1"}],"replies":[{"embeddable":true,"href":"https:\/\/avsarvinc.com\/mobil\/wp-json\/wp\/v2\/comments?post=2202"}],"version-history":[{"count":1,"href":"https:\/\/avsarvinc.com\/mobil\/wp-json\/wp\/v2\/pages\/2202\/revisions"}],"predecessor-version":[{"id":2430,"href":"https:\/\/avsarvinc.com\/mobil\/wp-json\/wp\/v2\/pages\/2202\/revisions\/2430"}],"wp:attachment":[{"href":"https:\/\/avsarvinc.com\/mobil\/wp-json\/wp\/v2\/media?parent=2202"}],"curies":[{"name":"wp","href":"https:\/\/api.w.org\/{rel}","templated":true}]}}