{"id":2138,"date":"2018-09-18T18:26:56","date_gmt":"2018-09-18T15:26:56","guid":{"rendered":"https:\/\/avsarvinc.com\/mobil\/?page_id=2138"},"modified":"2018-09-18T18:28:35","modified_gmt":"2018-09-18T15:28:35","slug":"vinc-kiralama-istanbul","status":"publish","type":"page","link":"https:\/\/avsarvinc.com\/mobil\/vinc-kiralama-istanbul\/","title":{"rendered":"Vin\u00e7 Kiralama \u0130stanbul"},"content":{"rendered":"<p style=\"text-align: center;\">Av\u015far vin\u00e7 2009 y\u0131l\u0131nda kurulan, kalite asla tesad\u00fcf de\u011fildir slogan\u0131n\u0131 benimseyen, s\u00fcrekli kendini geli\u015ftiren, m\u00fc\u015fteri memnuniyetine \u00f6nem veren, birden fazla vin\u00e7 \u00e7e\u015fidine sahip olan k\u00f6kl\u00fc bir kurulu\u015ftur. <strong>Mobil, sepetli ,hiyap, \u00e7ift k\u0131rmal\u0131, teleskobik vin\u00e7<\/strong> \u00e7e\u015fitlerine sahip olan Av\u015far vin\u00e7 ayn\u0131 zamanda <strong>oto \u00e7ekici, oto kurtar\u0131c\u0131 cam vantuz<\/strong> hizmetleri de vermektedir. <strong>Kep\u00e7e kiralama ve forklift kiralama<\/strong> hususunda da kendimize g\u00fcveniyoruz. S\u00fcrekli kendimizi geli\u015ftirip \u00e7a\u011f\u0131n gereksinimlere ayak uyduruyoruz.<\/p>\n<p><img decoding=\"async\" loading=\"lazy\" class=\"size-full wp-image-2115\" src=\"https:\/\/avsarvinc.com\/mobil\/wp-content\/uploads\/2018\/09\/mobil-vin\u00e7.jpg\" alt=\"istanbul kiral\u0131k vin\u00e7\" width=\"2048\" height=\"1986\" srcset=\"https:\/\/avsarvinc.com\/mobil\/wp-content\/uploads\/2018\/09\/mobil-vin\u00e7.jpg 2048w, https:\/\/avsarvinc.com\/mobil\/wp-content\/uploads\/2018\/09\/mobil-vin\u00e7-300x291.jpg 300w, https:\/\/avsarvinc.com\/mobil\/wp-content\/uploads\/2018\/09\/mobil-vin\u00e7-768x745.jpg 768w, https:\/\/avsarvinc.com\/mobil\/wp-content\/uploads\/2018\/09\/mobil-vin\u00e7-1024x993.jpg 1024w\" sizes=\"(max-width: 2048px) 100vw, 2048px\" \/><\/p>\n<p style=\"text-align: center;\"><img decoding=\"async\" loading=\"lazy\" class=\"aligncenter size-full wp-image-2104\" src=\"https:\/\/avsarvinc.com\/mobil\/wp-content\/uploads\/2018\/09\/kiral\u0131k-vin\u00e7-kiralama.jpg\" alt=\"\" width=\"1200\" height=\"900\" srcset=\"https:\/\/avsarvinc.com\/mobil\/wp-content\/uploads\/2018\/09\/kiral\u0131k-vin\u00e7-kiralama.jpg 1200w, https:\/\/avsarvinc.com\/mobil\/wp-content\/uploads\/2018\/09\/kiral\u0131k-vin\u00e7-kiralama-300x225.jpg 300w, https:\/\/avsarvinc.com\/mobil\/wp-content\/uploads\/2018\/09\/kiral\u0131k-vin\u00e7-kiralama-768x576.jpg 768w, https:\/\/avsarvinc.com\/mobil\/wp-content\/uploads\/2018\/09\/kiral\u0131k-vin\u00e7-kiralama-1024x768.jpg 1024w\" sizes=\"(max-width: 1200px) 100vw, 1200px\" \/><\/p>\n<p style=\"text-align: center;\"><img decoding=\"async\" loading=\"lazy\" class=\"aligncenter size-full wp-image-2100\" src=\"https:\/\/avsarvinc.com\/mobil\/wp-content\/uploads\/2018\/09\/vin\u00e7-kiral\u0131k-kiralama.jpg\" alt=\"\" width=\"675\" height=\"1200\" srcset=\"https:\/\/avsarvinc.com\/mobil\/wp-content\/uploads\/2018\/09\/vin\u00e7-kiral\u0131k-kiralama.jpg 675w, https:\/\/avsarvinc.com\/mobil\/wp-content\/uploads\/2018\/09\/vin\u00e7-kiral\u0131k-kiralama-169x300.jpg 169w, https:\/\/avsarvinc.com\/mobil\/wp-content\/uploads\/2018\/09\/vin\u00e7-kiral\u0131k-kiralama-576x1024.jpg 576w\" sizes=\"(max-width: 675px) 100vw, 675px\" \/><\/p>\n<p style=\"text-align: center;\"><strong>Vin\u00e7 Kiralama \u0130stanbul<\/strong> un Anadolu ve Avrupa il\u00e7elerinde bulunan;<\/p>\n<p style=\"text-align: center;\"><strong>Adalar, Arnavutk\u00f6y, Ata\u015fehir, Avc\u0131lar, Ba\u011fc\u0131lar,Bah\u00e7elievler, Bak\u0131rk\u00f6y, Ba\u015fak\u015fehir, Bayrampa\u015fa, Be\u015fikta\u015f,\u00a0Beykoz,\u00a0Beylikd\u00fcz\u00fc,\u00a0Beyo\u011flu,\u00a0B\u00fcy\u00fck\u00e7ekmece,\u00a0\u00c7atalca,\u00a0\u00c7ekmek\u00f6y,\u00a0Esenler,\u00a0Esenyurt,\u00a0Esenyurt,\u00a0Ey\u00fcp,\u00a0Fatih, Gaziosmanpa\u015fa,\u00a0G\u00fcng\u00f6ren,Kad\u0131k\u00f6y,\u00a0K\u00e2\u011f\u0131thane,\u00a0Kartal,\u00a0K\u00fc\u00e7\u00fck\u00e7ekmece,\u00a0Maltepe,\u00a0Pendik,\u00a0Sancaktepe,\u00a0Sar\u0131yer,\u00a0Silivri, Sultanbeyli, Sultangazi ,\u00a0\u015eile,\u00a0\u015ei\u015fli,\u00a0Tuzla,\u00a0\u00dcmraniye,\u00a0\u00dcsk\u00fcdar,\u00a0Zeytinburnu<\/strong> il\u00e7elerinin tamam\u0131na<span style=\"color: #ff0000;\"> 7\/24<\/span> hizmet vermekteyiz.<\/p>\n<p style=\"text-align: center;\"><img decoding=\"async\" loading=\"lazy\" class=\"aligncenter size-full wp-image-989\" src=\"https:\/\/avsarvinc.com\/mobil\/wp-content\/uploads\/2016\/04\/IMG_20171225_130906.jpg\" alt=\"\" width=\"3264\" height=\"2448\" srcset=\"https:\/\/avsarvinc.com\/mobil\/wp-content\/uploads\/2016\/04\/IMG_20171225_130906.jpg 2048w, https:\/\/avsarvinc.com\/mobil\/wp-content\/uploads\/2016\/04\/IMG_20171225_130906-300x225.jpg 300w, https:\/\/avsarvinc.com\/mobil\/wp-content\/uploads\/2016\/04\/IMG_20171225_130906-768x576.jpg 768w, https:\/\/avsarvinc.com\/mobil\/wp-content\/uploads\/2016\/04\/IMG_20171225_130906-1024x768.jpg 1024w\" sizes=\"(max-width: 3264px) 100vw, 3264px\" \/><\/p>\n<p style=\"text-align: center;\"><strong>Vin\u00e7 kiralama istanbul<\/strong> hususunda bize g\u00fcvenebilir, kalite ve m\u00fc\u015fteri memnuniyeti ile kar\u015f\u0131la\u015fabilirsiniz. <strong>Vin\u00e7 fiyatlar\u0131<\/strong> hakk\u0131nda bizi arayarak saatlik, g\u00fcnl\u00fck yada ayl\u0131k fiyat teklifi alabilirsiniz.<\/p>\n<p style=\"text-align: center;\">Kalite asla tesad\u00fcf de\u011fildir&#8230;<\/p>\n<p style=\"text-align: center;\"><strong>Vin\u00e7 kiralama istanbul<\/strong> i\u00e7in bizi a\u015fa\u011f\u0131daki numaradan arayabilir, akl\u0131n\u0131za tak\u0131lan sorular\u0131 sorabilirsiniz.<\/p>\n<p>&nbsp;<\/p>\n<p style=\"text-align: center;\"><img decoding=\"async\" loading=\"lazy\" class=\"aligncenter size-full wp-image-1822\" src=\"https:\/\/avsarvinc.com\/mobil\/wp-content\/uploads\/2018\/08\/av\u015far-vin\u00e7-kiralama.png\" alt=\"\" width=\"584\" height=\"228\" srcset=\"https:\/\/avsarvinc.com\/mobil\/wp-content\/uploads\/2018\/08\/av\u015far-vin\u00e7-kiralama.png 584w, https:\/\/avsarvinc.com\/mobil\/wp-content\/uploads\/2018\/08\/av\u015far-vin\u00e7-kiralama-300x117.png 300w\" sizes=\"(max-width: 584px) 100vw, 584px\" \/><\/p>\n<p>&nbsp;<\/p>\n<p style=\"text-align: center;\">\u0130leti\u015fim: G\u00fcrkan Av\u015far<\/p>\n<p>&nbsp;<\/p>\n<h2 class=\"span7 inside site-description\" style=\"text-align: center;\">\u00a0 \u00a0 \u00a0 \u00a0 \u00a0 \u00a0 \u00a0 \u00a0 \u00a0 \u00a0 \u00a0 \u00a0 \u00a0 \u00a0 \u00a0 \u00a0 \u00a0 \u00a0 \u00a0 \u00a0 \u00a0 \u00a0 \u00a0 Hemen Aray\u0131n: 0532 484 46 14<\/h2>\n","protected":false},"excerpt":{"rendered":"<p>Av\u015far vin\u00e7 2009 y\u0131l\u0131nda kurulan, kalite asla tesad\u00fcf de\u011fildir slogan\u0131n\u0131 benimseyen, s\u00fcrekli kendini geli\u015ftiren, m\u00fc\u015fteri memnuniyetine \u00f6nem veren, birden fazla vin\u00e7 \u00e7e\u015fidine sahip olan k\u00f6kl\u00fc bir kurulu\u015ftur. Mobil, sepetli ,hiyap, \u00e7ift k\u0131rmal\u0131, teleskobik vin\u00e7 \u00e7e\u015fitlerine sahip olan Av\u015far vin\u00e7 ayn\u0131 zamanda oto \u00e7ekici, oto kurtar\u0131c\u0131 cam vantuz hizmetleri de vermektedir. Kep\u00e7e kiralama ve forklift kiralama [&hellip;]<\/p>\n","protected":false},"author":1,"featured_media":990,"parent":0,"menu_order":0,"comment_status":"closed","ping_status":"closed","template":"","meta":[],"aioseo_notices":[],"_links":{"self":[{"href":"https:\/\/avsarvinc.com\/mobil\/wp-json\/wp\/v2\/pages\/2138"}],"collection":[{"href":"https:\/\/avsarvinc.com\/mobil\/wp-json\/wp\/v2\/pages"}],"about":[{"href":"https:\/\/avsarvinc.com\/mobil\/wp-json\/wp\/v2\/types\/page"}],"author":[{"embeddable":true,"href":"https:\/\/avsarvinc.com\/mobil\/wp-json\/wp\/v2\/users\/1"}],"replies":[{"embeddable":true,"href":"https:\/\/avsarvinc.com\/mobil\/wp-json\/wp\/v2\/comments?post=2138"}],"version-history":[{"count":0,"href":"https:\/\/avsarvinc.com\/mobil\/wp-json\/wp\/v2\/pages\/2138\/revisions"}],"wp:featuredmedia":[{"embeddable":true,"href":"https:\/\/avsarvinc.com\/mobil\/wp-json\/wp\/v2\/media\/990"}],"wp:attachment":[{"href":"https:\/\/avsarvinc.com\/mobil\/wp-json\/wp\/v2\/media?parent=2138"}],"curies":[{"name":"wp","href":"https:\/\/api.w.org\/{rel}","templated":true}]}}