{"id":1566,"date":"2018-08-02T18:04:16","date_gmt":"2018-08-02T15:04:16","guid":{"rendered":"https:\/\/avsarvinc.com\/mobil\/?page_id=1566"},"modified":"2023-07-08T19:05:07","modified_gmt":"2023-07-08T16:05:07","slug":"istanbul-avrupa-yakasi-kiralik-vinc","status":"publish","type":"page","link":"https:\/\/avsarvinc.com\/mobil\/istanbul-avrupa-yakasi-kiralik-vinc\/","title":{"rendered":"\u0130stanbul Avrupa Yakas\u0131 Kiral\u0131k Vin\u00e7"},"content":{"rendered":"<p style=\"text-align: center;\"><strong style=\"text-align: center;\">\u0130stanbul Avrupa Yakas\u0131 Kiral\u0131k Vin\u00e7<\/strong><\/p>\n<p style=\"text-align: center;\">Av\u015far vin\u00e7 2009 y\u0131l\u0131nda kurulan ve s\u00fcrekli kendini geli\u015ftiren, m\u00fc\u015fteri memnuniyetine \u00f6nem veren devaml\u0131 b\u00fcy\u00fcyen bir firmad\u0131r.<strong>\u00a0Sepetli vin\u00e7, mobil vin\u00e7, hiyap vin\u00e7, kiral\u0131k vantuz, \u00e7ift k\u0131rmal\u0131 vin\u00e7, teleskobik vin\u00e7, oto kurtar\u0131c\u0131 ve oto \u00e7ekic<\/strong>i alan\u0131nda hizmet vermektedir.<\/p>\n<p style=\"text-align: center;\">Sizlere daha iyi hizmet verebilmek i\u00e7in 7\/24 a\u00e7\u0131\u011f\u0131z.<\/p>\n<p style=\"text-align: center;\">Kalite asla tesad\u00fcf de\u011fildir.<\/p>\n<h3 style=\"text-align: center;\"><span style=\"color: #ff0000;\">Bize ula\u015fabilece\u011finiz numara:\u00a0<span class=\"w8qArf\">\u00a0<\/span><span class=\"LrzXr zdqRlf kno-fv\">0532 484 46 14<\/span><\/span><\/h3>\n<p style=\"text-align: center;\">Kalite ve ve g\u00fcvenli ta\u015f\u0131man\u0131n ad\u0131 Av\u015far Vin\u00e7\u2026<\/p>\n<p><iframe loading=\"lazy\" title=\"Av\u015far Vin\u00e7\" width=\"1170\" height=\"878\" src=\"https:\/\/www.youtube.com\/embed\/XRxqKEkFE-8?feature=oembed\" frameborder=\"0\" allow=\"accelerometer; autoplay; clipboard-write; encrypted-media; gyroscope; picture-in-picture; web-share\" allowfullscreen><\/iframe><\/p>\n<p style=\"text-align: center;\"><img decoding=\"async\" loading=\"lazy\" class=\"aligncenter size-full wp-image-1178\" src=\"http:\/\/avsarvinc.com\/mobil\/wp-content\/uploads\/2016\/03\/20180530_142956.jpg\" alt=\"\" width=\"3264\" height=\"2448\" srcset=\"https:\/\/avsarvinc.com\/mobil\/wp-content\/uploads\/2016\/03\/20180530_142956.jpg 2048w, https:\/\/avsarvinc.com\/mobil\/wp-content\/uploads\/2016\/03\/20180530_142956-300x225.jpg 300w, https:\/\/avsarvinc.com\/mobil\/wp-content\/uploads\/2016\/03\/20180530_142956-768x576.jpg 768w, https:\/\/avsarvinc.com\/mobil\/wp-content\/uploads\/2016\/03\/20180530_142956-1024x768.jpg 1024w\" sizes=\"(max-width: 3264px) 100vw, 3264px\" \/><\/p>\n<p style=\"text-align: center;\"><img decoding=\"async\" loading=\"lazy\" class=\"aligncenter size-full wp-image-1075\" src=\"http:\/\/avsarvinc.com\/mobil\/wp-content\/uploads\/2016\/12\/20180608_141444.jpg\" alt=\"\" width=\"3264\" height=\"2448\" srcset=\"https:\/\/avsarvinc.com\/mobil\/wp-content\/uploads\/2016\/12\/20180608_141444.jpg 2048w, https:\/\/avsarvinc.com\/mobil\/wp-content\/uploads\/2016\/12\/20180608_141444-300x225.jpg 300w, https:\/\/avsarvinc.com\/mobil\/wp-content\/uploads\/2016\/12\/20180608_141444-768x576.jpg 768w, https:\/\/avsarvinc.com\/mobil\/wp-content\/uploads\/2016\/12\/20180608_141444-1024x768.jpg 1024w\" sizes=\"(max-width: 3264px) 100vw, 3264px\" \/><\/p>\n<p style=\"text-align: center;\"><img decoding=\"async\" loading=\"lazy\" class=\"aligncenter size-full wp-image-990\" src=\"http:\/\/avsarvinc.com\/mobil\/wp-content\/uploads\/2016\/04\/20171207_134033.jpg\" alt=\"\" width=\"3264\" height=\"2448\" srcset=\"https:\/\/avsarvinc.com\/mobil\/wp-content\/uploads\/2016\/04\/20171207_134033.jpg 2048w, https:\/\/avsarvinc.com\/mobil\/wp-content\/uploads\/2016\/04\/20171207_134033-300x225.jpg 300w, https:\/\/avsarvinc.com\/mobil\/wp-content\/uploads\/2016\/04\/20171207_134033-768x576.jpg 768w, https:\/\/avsarvinc.com\/mobil\/wp-content\/uploads\/2016\/04\/20171207_134033-1024x768.jpg 1024w\" sizes=\"(max-width: 3264px) 100vw, 3264px\" \/><\/p>\n<p style=\"text-align: center;\"><img decoding=\"async\" loading=\"lazy\" class=\"aligncenter size-full wp-image-989\" src=\"http:\/\/avsarvinc.com\/mobil\/wp-content\/uploads\/2016\/04\/IMG_20171225_130906.jpg\" alt=\"\" width=\"3264\" height=\"2448\" srcset=\"https:\/\/avsarvinc.com\/mobil\/wp-content\/uploads\/2016\/04\/IMG_20171225_130906.jpg 2048w, https:\/\/avsarvinc.com\/mobil\/wp-content\/uploads\/2016\/04\/IMG_20171225_130906-300x225.jpg 300w, https:\/\/avsarvinc.com\/mobil\/wp-content\/uploads\/2016\/04\/IMG_20171225_130906-768x576.jpg 768w, https:\/\/avsarvinc.com\/mobil\/wp-content\/uploads\/2016\/04\/IMG_20171225_130906-1024x768.jpg 1024w\" sizes=\"(max-width: 3264px) 100vw, 3264px\" \/><\/p>\n<p style=\"text-align: center;\"><img decoding=\"async\" loading=\"lazy\" class=\"aligncenter size-full wp-image-988\" src=\"http:\/\/avsarvinc.com\/mobil\/wp-content\/uploads\/2016\/04\/IMG_20171226_210326_157.jpg\" alt=\"\" width=\"3118\" height=\"2448\" srcset=\"https:\/\/avsarvinc.com\/mobil\/wp-content\/uploads\/2016\/04\/IMG_20171226_210326_157.jpg 2048w, https:\/\/avsarvinc.com\/mobil\/wp-content\/uploads\/2016\/04\/IMG_20171226_210326_157-300x236.jpg 300w, https:\/\/avsarvinc.com\/mobil\/wp-content\/uploads\/2016\/04\/IMG_20171226_210326_157-768x603.jpg 768w, https:\/\/avsarvinc.com\/mobil\/wp-content\/uploads\/2016\/04\/IMG_20171226_210326_157-1024x804.jpg 1024w\" sizes=\"(max-width: 3118px) 100vw, 3118px\" \/><\/p>\n<p style=\"text-align: center;\"><img decoding=\"async\" loading=\"lazy\" class=\"aligncenter size-full wp-image-1032\" src=\"http:\/\/avsarvinc.com\/mobil\/wp-content\/uploads\/2016\/04\/20180306_192844.jpg\" alt=\"\" width=\"3264\" height=\"2448\" srcset=\"https:\/\/avsarvinc.com\/mobil\/wp-content\/uploads\/2016\/04\/20180306_192844.jpg 2048w, https:\/\/avsarvinc.com\/mobil\/wp-content\/uploads\/2016\/04\/20180306_192844-300x225.jpg 300w, https:\/\/avsarvinc.com\/mobil\/wp-content\/uploads\/2016\/04\/20180306_192844-768x576.jpg 768w, https:\/\/avsarvinc.com\/mobil\/wp-content\/uploads\/2016\/04\/20180306_192844-1024x768.jpg 1024w\" sizes=\"(max-width: 3264px) 100vw, 3264px\" \/><\/p>\n<p style=\"text-align: center;\"><img decoding=\"async\" loading=\"lazy\" class=\"aligncenter size-full wp-image-840\" src=\"http:\/\/avsarvinc.com\/mobil\/wp-content\/uploads\/2016\/04\/IMG_20171004_142951_495.jpg\" alt=\"\" width=\"1080\" height=\"1080\" srcset=\"https:\/\/avsarvinc.com\/mobil\/wp-content\/uploads\/2016\/04\/IMG_20171004_142951_495.jpg 1080w, https:\/\/avsarvinc.com\/mobil\/wp-content\/uploads\/2016\/04\/IMG_20171004_142951_495-150x150.jpg 150w, https:\/\/avsarvinc.com\/mobil\/wp-content\/uploads\/2016\/04\/IMG_20171004_142951_495-300x300.jpg 300w, https:\/\/avsarvinc.com\/mobil\/wp-content\/uploads\/2016\/04\/IMG_20171004_142951_495-768x768.jpg 768w, https:\/\/avsarvinc.com\/mobil\/wp-content\/uploads\/2016\/04\/IMG_20171004_142951_495-1024x1024.jpg 1024w\" sizes=\"(max-width: 1080px) 100vw, 1080px\" \/><\/p>\n<p style=\"text-align: center;\"><img decoding=\"async\" loading=\"lazy\" class=\"aligncenter size-full wp-image-634\" src=\"http:\/\/avsarvinc.com\/mobil\/wp-content\/uploads\/2016\/03\/IMG_20170613_213931_223.jpg\" alt=\"\" width=\"1202\" height=\"1202\" srcset=\"https:\/\/avsarvinc.com\/mobil\/wp-content\/uploads\/2016\/03\/IMG_20170613_213931_223.jpg 1202w, https:\/\/avsarvinc.com\/mobil\/wp-content\/uploads\/2016\/03\/IMG_20170613_213931_223-150x150.jpg 150w, https:\/\/avsarvinc.com\/mobil\/wp-content\/uploads\/2016\/03\/IMG_20170613_213931_223-300x300.jpg 300w, https:\/\/avsarvinc.com\/mobil\/wp-content\/uploads\/2016\/03\/IMG_20170613_213931_223-768x768.jpg 768w, https:\/\/avsarvinc.com\/mobil\/wp-content\/uploads\/2016\/03\/IMG_20170613_213931_223-1024x1024.jpg 1024w\" sizes=\"(max-width: 1202px) 100vw, 1202px\" \/><\/p>\n<p style=\"text-align: center;\"><img decoding=\"async\" loading=\"lazy\" class=\"aligncenter size-full wp-image-621\" src=\"http:\/\/avsarvinc.com\/mobil\/wp-content\/uploads\/2017\/05\/IMG_20170527_005432_778.jpg\" alt=\"\" width=\"1080\" height=\"1080\" srcset=\"https:\/\/avsarvinc.com\/mobil\/wp-content\/uploads\/2017\/05\/IMG_20170527_005432_778.jpg 1080w, https:\/\/avsarvinc.com\/mobil\/wp-content\/uploads\/2017\/05\/IMG_20170527_005432_778-150x150.jpg 150w, https:\/\/avsarvinc.com\/mobil\/wp-content\/uploads\/2017\/05\/IMG_20170527_005432_778-300x300.jpg 300w, https:\/\/avsarvinc.com\/mobil\/wp-content\/uploads\/2017\/05\/IMG_20170527_005432_778-768x768.jpg 768w, https:\/\/avsarvinc.com\/mobil\/wp-content\/uploads\/2017\/05\/IMG_20170527_005432_778-1024x1024.jpg 1024w\" sizes=\"(max-width: 1080px) 100vw, 1080px\" \/><\/p>\n<p style=\"text-align: center;\"><img decoding=\"async\" loading=\"lazy\" class=\"aligncenter size-full wp-image-1044\" src=\"http:\/\/avsarvinc.com\/mobil\/wp-content\/uploads\/2016\/12\/20180330_122937.jpg\" alt=\"\" width=\"3264\" height=\"2448\" srcset=\"https:\/\/avsarvinc.com\/mobil\/wp-content\/uploads\/2016\/12\/20180330_122937.jpg 2048w, https:\/\/avsarvinc.com\/mobil\/wp-content\/uploads\/2016\/12\/20180330_122937-300x225.jpg 300w, https:\/\/avsarvinc.com\/mobil\/wp-content\/uploads\/2016\/12\/20180330_122937-768x576.jpg 768w, https:\/\/avsarvinc.com\/mobil\/wp-content\/uploads\/2016\/12\/20180330_122937-1024x768.jpg 1024w\" sizes=\"(max-width: 3264px) 100vw, 3264px\" \/><\/p>\n<p style=\"text-align: center;\"><strong>fatih kiral\u0131k vin\u00e7, kiral\u0131k vin\u00e7 fatih , fatih vin\u00e7, fatih sepetli vin\u00e7, fatih mobil vin\u00e7, fatih \u00e7ift k\u0131rmal\u0131 vin\u00e7, fatih oto \u00e7ekici,fatih oto kurtar\u0131c\u0131, fatih kiral\u0131k vantuz,fatih kiral\u0131k vin\u00e7, fatih vin\u00e7 kiralama,fatih kiral\u0131k vantuz, fatih oto \u00e7ekici,\u00a0sultanbeyli kiral\u0131k vin\u00e7, kiral\u0131k vin\u00e7 sultanbeyli, sultanbeyli vin\u00e7, sultanbeyli oto \u00e7ekici, sultanbeyli oto kurtar\u0131c\u0131, sultanbeyli vin\u00e7 kiralama, sultanbeyli kiral\u0131k vantuz,sultanbeyli mobil kiral\u0131k vin\u00e7, sultanbeyli kiral\u0131k hiyap vin\u00e7, sultanbeyli \u00e7ift k\u0131rmal\u0131 vin\u00e7, sultanbeyli kiral\u0131k teleskobik vin\u00e7, samand\u0131ra kiral\u0131k vin\u00e7, kiral\u0131k vin\u00e7 samand\u0131ra, samand\u0131ra vin\u00e7, samand\u0131ra oto \u00e7ekici, samand\u0131ra oto kurtar\u0131c\u0131, samand\u0131ra vin\u00e7 kiralama, samand\u0131ra kiral\u0131k vantuz, samand\u0131ra mobil kiral\u0131k vin\u00e7, samand\u0131ra kiral\u0131k hiyap vin\u00e7, samand\u0131ra \u00e7ift k\u0131rmal\u0131 vin\u00e7, samand\u0131ra kiral\u0131k teleskobik vin\u00e7,sancaktepe kiral\u0131k vin\u00e7, kiral\u0131k vin\u00e7 sancaktepe, sancaktepe vin\u00e7, sancaktepe oto \u00e7ekici, sancaktepe oto kurtar\u0131c\u0131, sancaktepe vin\u00e7 kiralama, sancaktepe kiral\u0131k vantuz, sancaktepe mobil kiral\u0131k vin\u00e7, sancaktepe kiral\u0131k hiyap vin\u00e7, sancaktepe \u00e7ift k\u0131rmal\u0131 vin\u00e7, sancaktepe kiral\u0131k teleskobik vin\u00e7, sancaktepe \u00e7ift k\u0131rmal\u0131 vin\u00e7,dudullu kiral\u0131k vin\u00e7, kiral\u0131k vin\u00e7 dudullu, dudullu vin\u00e7, dudullu oto \u00e7ekici, dudullu oto kurtar\u0131c\u0131, dudullu vin\u00e7 kiralama, dudullu kiral\u0131k vantuz, dudullu mobil kiral\u0131k vin\u00e7, dudullu kiral\u0131k hiyap vin\u00e7, dudullu \u00e7ift k\u0131rmal\u0131 vin\u00e7, dudullu kiral\u0131k teleskobik vin\u00e7, dudullu \u00e7ift k\u0131rmal\u0131 vin\u00e7,\u00fcmraniye kiral\u0131k vin\u00e7, kiral\u0131k vin\u00e7 \u00fcmraniye, \u00fcmraniye vin\u00e7, \u00fcmraniye oto \u00e7ekici, \u00fcmraniye oto kurtar\u0131c\u0131, \u00fcmraniye vin\u00e7 kiralama, \u00fcmraniye kiral\u0131k vantuz, \u00fcmraniye mobil kiral\u0131k vin\u00e7, \u00fcmraniye kiral\u0131k hiyap vin\u00e7, \u00fcmraniye \u00e7ift k\u0131rmal\u0131 vin\u00e7, \u00fcmraniye kiral\u0131k teleskobik vin\u00e7, \u00fcmraniye \u00e7ift k\u0131rmal\u0131 vin\u00e7, \u00fcsk\u00fcdar kiral\u0131k vin\u00e7, kiral\u0131k vin\u00e7 \u00fcsk\u00fcdar, \u00fcsk\u00fcdar vin\u00e7, \u00fcsk\u00fcdar oto \u00e7ekici, \u00fcsk\u00fcdar oto kurtar\u0131c\u0131, \u00fcsk\u00fcdar vin\u00e7 kiralama, \u00fcsk\u00fcdar kiral\u0131k vantuz, \u00fcsk\u00fcdar mobil kiral\u0131k vin\u00e7, \u00fcsk\u00fcdar kiral\u0131k hiyap vin\u00e7, \u00fcsk\u00fcdar \u00e7ift k\u0131rmal\u0131 vin\u00e7, \u00fcsk\u00fcdar kiral\u0131k teleskobik vin\u00e7, \u00fcsk\u00fcdar \u00e7ift k\u0131rmal\u0131 kiral\u0131k vin\u00e7, kad\u0131k\u00f6y kiral\u0131k vin\u00e7, kiral\u0131k vin\u00e7 kad\u0131k\u00f6y, kad\u0131k\u00f6y vin\u00e7, kad\u0131k\u00f6y oto \u00e7ekici, kad\u0131k\u00f6y oto kurtar\u0131c\u0131, kad\u0131k\u00f6y vin\u00e7 kiralama, kad\u0131k\u00f6y kiral\u0131k vantuz, kad\u0131k\u00f6y mobil kiral\u0131k vin\u00e7, kad\u0131k\u00f6y kiral\u0131k hiyap vin\u00e7, kad\u0131k\u00f6y \u00e7ift k\u0131rmal\u0131 vin\u00e7, kad\u0131k\u00f6y kiral\u0131k teleskobik vin\u00e7, kad\u0131k\u00f6y \u00e7ift k\u0131rmal\u0131 kiral\u0131k vin\u00e7, ata\u015fehir kiral\u0131k vin\u00e7, kiral\u0131k vin\u00e7 ata\u015fehir, ata\u015fehir vin\u00e7, ata\u015fehir oto \u00e7ekici, ata\u015fehir oto kurtar\u0131c\u0131, ata\u015fehir vin\u00e7 kiralama, ata\u015fehir kiral\u0131k vantuz, ata\u015fehir mobil kiral\u0131k vin\u00e7, ata\u015fehir kiral\u0131k hiyap vin\u00e7, ata\u015fehir \u00e7ift k\u0131rmal\u0131 vin\u00e7, ata\u015fehir kiral\u0131k teleskobik vin\u00e7, ata\u015fehir \u00e7ift k\u0131rmal\u0131 kiral\u0131k vin\u00e7, tuzla kiral\u0131k vin\u00e7, kiral\u0131k vin\u00e7 tuzla, tuzla vin\u00e7, tuzla oto \u00e7ekici, tuzla oto kurtar\u0131c\u0131, tuzla vin\u00e7 kiralama, tuzla kiral\u0131k vantuz, tuzla mobil kiral\u0131k vin\u00e7, tuzla kiral\u0131k hiyap vin\u00e7, tuzla \u00e7ift k\u0131rmal\u0131 vin\u00e7, tuzla kiral\u0131k teleskobik vin\u00e7, tuzla \u00e7ift k\u0131rmal\u0131 kiral\u0131k vin\u00e7, pendik kiral\u0131k vin\u00e7, kiral\u0131k vin\u00e7 pendik, pendik vin\u00e7, pendik oto \u00e7ekici, pendik oto kurtar\u0131c\u0131, pendik vin\u00e7 kiralama, pendik kiral\u0131k vantuz, pendik mobil kiral\u0131k vin\u00e7, pendik kiral\u0131k hiyap vin\u00e7, pendik \u00e7ift k\u0131rmal\u0131 vin\u00e7, pendik kiral\u0131k teleskobik vin\u00e7, pendik \u00e7ift k\u0131rmal\u0131 kiral\u0131k vin\u00e7, gebze kiral\u0131k vin\u00e7, kiral\u0131k vin\u00e7 gebze, gebze vin\u00e7, gebze oto \u00e7ekici, gebze oto kurtar\u0131c\u0131, gebze vin\u00e7 kiralama, gebze kiral\u0131k vantuz, gebze mobil kiral\u0131k vin\u00e7, gebze kiral\u0131k hiyap vin\u00e7, gebze \u00e7ift k\u0131rmal\u0131 vin\u00e7, gebze kiral\u0131k teleskobik vin\u00e7, gebze \u00e7ift k\u0131rmal\u0131 kiral\u0131k vin\u00e7, \u00e7ekmek\u00f6y kiral\u0131k vin\u00e7, kiral\u0131k vin\u00e7 \u00e7ekmek\u00f6y, \u00e7ekmek\u00f6y vin\u00e7, \u00e7ekmek\u00f6y oto \u00e7ekici, \u00e7ekmek\u00f6y oto kurtar\u0131c\u0131, \u00e7ekmek\u00f6y vin\u00e7 kiralama, \u00e7ekmek\u00f6y kiral\u0131k vantuz, \u00e7ekmek\u00f6y mobil kiral\u0131k vin\u00e7, \u00e7ekmek\u00f6y kiral\u0131k hiyap vin\u00e7, \u00e7ekmek\u00f6y \u00e7ift k\u0131rmal\u0131 vin\u00e7, \u00e7ekmek\u00f6y kiral\u0131k teleskobik vin\u00e7, \u00e7ekmek\u00f6y \u00e7ift k\u0131rmal\u0131 kiral\u0131k vin\u00e7, beykoz kiral\u0131k vin\u00e7, kiral\u0131k vin\u00e7 beykoz, beykoz vin\u00e7, beykoz oto \u00e7ekici, beykoz oto kurtar\u0131c\u0131, beykoz vin\u00e7 kiralama, beykoz kiral\u0131k vantuz, beykoz mobil kiral\u0131k vin\u00e7, beykoz kiral\u0131k hiyap vin\u00e7, beykoz \u00e7ift k\u0131rmal\u0131 vin\u00e7, beykoz kiral\u0131k teleskobik vin\u00e7, beykoz \u00e7ift k\u0131rmal\u0131 kiral\u0131k vin\u00e7, maltepe kiral\u0131k vin\u00e7, kiral\u0131k vin\u00e7 maltepe, maltepe vin\u00e7, maltepe oto \u00e7ekici, maltepe oto kurtar\u0131c\u0131, maltepe vin\u00e7 kiralama, maltepe kiral\u0131k vantuz, maltepe mobil kiral\u0131k vin\u00e7, maltepe kiral\u0131k hiyap vin\u00e7, maltepe \u00e7ift k\u0131rmal\u0131 vin\u00e7, maltepe kiral\u0131k teleskobik vin\u00e7, maltepe \u00e7ift k\u0131rmal\u0131 kiral\u0131k vin\u00e7, be\u015fikta\u015f kiral\u0131k vin\u00e7, kiral\u0131k vin\u00e7 be\u015fikta\u015f, be\u015fikta\u015f vin\u00e7, be\u015fikta\u015f oto \u00e7ekici, be\u015fikta\u015f oto kurtar\u0131c\u0131, be\u015fikta\u015f vin\u00e7 kiralama, be\u015fikta\u015f kiral\u0131k vantuz, be\u015fikta\u015f mobil kiral\u0131k vin\u00e7, be\u015fikta\u015f kiral\u0131k hiyap vin\u00e7, be\u015fikta\u015f \u00e7ift k\u0131rmal\u0131 vin\u00e7, be\u015fikta\u015f kiral\u0131k teleskobik vin\u00e7, be\u015fikta\u015f \u00e7ift k\u0131rmal\u0131 kiral\u0131k vin\u00e7, ortak\u00f6y kiral\u0131k vin\u00e7, kiral\u0131k vin\u00e7 ortak\u00f6y, ortak\u00f6y vin\u00e7, ortak\u00f6y oto \u00e7ekici, ortak\u00f6y oto kurtar\u0131c\u0131, ortak\u00f6y vin\u00e7 kiralama, ortak\u00f6y kiral\u0131k vantuz, ortak\u00f6y mobil kiral\u0131k vin\u00e7, ortak\u00f6y kiral\u0131k hiyap vin\u00e7, ortak\u00f6y \u00e7ift k\u0131rmal\u0131 vin\u00e7, ortak\u00f6y kiral\u0131k teleskobik vin\u00e7, ortak\u00f6y \u00e7ift k\u0131rmal\u0131 kiral\u0131k vin\u00e7, emin\u00f6n\u00fc kiral\u0131k vin\u00e7, kiral\u0131k vin\u00e7 emin\u00f6n\u00fc, emin\u00f6n\u00fc vin\u00e7, emin\u00f6n\u00fc oto \u00e7ekici, emin\u00f6n\u00fc oto kurtar\u0131c\u0131, emin\u00f6n\u00fc vin\u00e7 kiralama, emin\u00f6n\u00fc kiral\u0131k vantuz, emin\u00f6n\u00fc mobil kiral\u0131k vin\u00e7, emin\u00f6n\u00fc kiral\u0131k hiyap vin\u00e7, emin\u00f6n\u00fc \u00e7ift k\u0131rmal\u0131 vin\u00e7, emin\u00f6n\u00fc kiral\u0131k teleskobik vin\u00e7, emin\u00f6n\u00fc \u00e7ift k\u0131rmal\u0131 kiral\u0131k vin\u00e7, bostanc\u0131 kiral\u0131k vin\u00e7, kiral\u0131k vin\u00e7 bostanc\u0131, bostanc\u0131 vin\u00e7, bostanc\u0131 oto \u00e7ekici, bostanc\u0131 oto kurtar\u0131c\u0131, bostanc\u0131 vin\u00e7 kiralama, bostanc\u0131 kiral\u0131k vantuz, bostanc\u0131 mobil kiral\u0131k vin\u00e7, bostanc\u0131 kiral\u0131k hiyap vin\u00e7, bostanc\u0131 \u00e7ift k\u0131rmal\u0131 vin\u00e7, bostanc\u0131 kiral\u0131k teleskobik vin\u00e7, bostanc\u0131 \u00e7ift k\u0131rmal\u0131 kiral\u0131k vin\u00e7, yenido\u011fan kiral\u0131k vin\u00e7, kiral\u0131k vin\u00e7 yenido\u011fan, yenido\u011fan vin\u00e7, yenido\u011fan oto \u00e7ekici, yenido\u011fan oto kurtar\u0131c\u0131, yenido\u011fan vin\u00e7 kiralama, yenido\u011fan kiral\u0131k vantuz, yenido\u011fan mobil kiral\u0131k vin\u00e7, yenido\u011fan kiral\u0131k hiyap vin\u00e7, yenido\u011fan \u00e7ift k\u0131rmal\u0131 vin\u00e7, yenido\u011fan kiral\u0131k teleskobik vin\u00e7, yenido\u011fan \u00e7ift k\u0131rmal\u0131 kiral\u0131k vin\u00e7, madenler kiral\u0131k vin\u00e7, kiral\u0131k vin\u00e7 madenler, madenler vin\u00e7, madenler oto \u00e7ekici, madenler oto kurtar\u0131c\u0131, madenler vin\u00e7 kiralama, madenler kiral\u0131k vantuz, madenler mobil kiral\u0131k vin\u00e7, madenler kiral\u0131k hiyap vin\u00e7, madenler \u00e7ift k\u0131rmal\u0131 vin\u00e7, madenler kiral\u0131k teleskobik vin\u00e7, madenler \u00e7ift k\u0131rmal\u0131 kiral\u0131k vin\u00e7, imes kiral\u0131k vin\u00e7, kiral\u0131k vin\u00e7 imes, imes vin\u00e7, imes oto \u00e7ekici, imes oto kurtar\u0131c\u0131, imes vin\u00e7 kiralama, imes kiral\u0131k vantuz, imes mobil kiral\u0131k vin\u00e7, imes kiral\u0131k hiyap vin\u00e7, imes \u00e7ift k\u0131rmal\u0131 vin\u00e7, imes kiral\u0131k teleskobik vin\u00e7, imes \u00e7ift k\u0131rmal\u0131 kiral\u0131k vin\u00e7, kadosan kiral\u0131k vin\u00e7, kiral\u0131k vin\u00e7 kadosan, kadosan vin\u00e7, kadosan oto \u00e7ekici, kadosan oto kurtar\u0131c\u0131, kadosan vin\u00e7 kiralama, kadosan kiral\u0131k vantuz, kadosan mobil kiral\u0131k vin\u00e7, kadosan kiral\u0131k hiyap vin\u00e7, kadosan \u00e7ift k\u0131rmal\u0131 vin\u00e7, kadosan kiral\u0131k teleskobik vin\u00e7, kadosan \u00e7ift k\u0131rmal\u0131 kiral\u0131k vin\u00e7, des kiral\u0131k vin\u00e7, kiral\u0131k vin\u00e7 des, des vin\u00e7, des oto \u00e7ekici, des oto kurtar\u0131c\u0131, des vin\u00e7 kiralama, des kiral\u0131k vantuz, des mobil kiral\u0131k vin\u00e7, des kiral\u0131k hiyap vin\u00e7, des \u00e7ift k\u0131rmal\u0131 vin\u00e7, des kiral\u0131k teleskobik vin\u00e7, des \u00e7ift k\u0131rmal\u0131 kiral\u0131k vin\u00e7, modoko kiral\u0131k vin\u00e7, kiral\u0131k vin\u00e7 modoko, modoko vin\u00e7, modoko oto \u00e7ekici, modoko oto kurtar\u0131c\u0131, modoko vin\u00e7 kiralama, modoko kiral\u0131k vantuz, modoko mobil kiral\u0131k vin\u00e7, modoko kiral\u0131k hiyap vin\u00e7, modoko \u00e7ift k\u0131rmal\u0131 vin\u00e7, modoko kiral\u0131k teleskobik vin\u00e7, modoko \u00e7ift k\u0131rmal\u0131 kiral\u0131k vin\u00e7<\/strong><\/p>\n","protected":false},"excerpt":{"rendered":"<p>\u0130stanbul Avrupa Yakas\u0131 Kiral\u0131k Vin\u00e7 Av\u015far vin\u00e7 2009 y\u0131l\u0131nda kurulan ve s\u00fcrekli kendini geli\u015ftiren, m\u00fc\u015fteri memnuniyetine \u00f6nem veren devaml\u0131 b\u00fcy\u00fcyen bir firmad\u0131r.\u00a0Sepetli vin\u00e7, mobil vin\u00e7, hiyap vin\u00e7, kiral\u0131k vantuz, \u00e7ift k\u0131rmal\u0131 vin\u00e7, teleskobik vin\u00e7, oto kurtar\u0131c\u0131 ve oto \u00e7ekici alan\u0131nda hizmet vermektedir. Sizlere daha iyi hizmet verebilmek i\u00e7in 7\/24 a\u00e7\u0131\u011f\u0131z. Kalite asla tesad\u00fcf de\u011fildir. Bize [&hellip;]<\/p>\n","protected":false},"author":1,"featured_media":889,"parent":0,"menu_order":0,"comment_status":"closed","ping_status":"closed","template":"","meta":[],"aioseo_notices":[],"_links":{"self":[{"href":"https:\/\/avsarvinc.com\/mobil\/wp-json\/wp\/v2\/pages\/1566"}],"collection":[{"href":"https:\/\/avsarvinc.com\/mobil\/wp-json\/wp\/v2\/pages"}],"about":[{"href":"https:\/\/avsarvinc.com\/mobil\/wp-json\/wp\/v2\/types\/page"}],"author":[{"embeddable":true,"href":"https:\/\/avsarvinc.com\/mobil\/wp-json\/wp\/v2\/users\/1"}],"replies":[{"embeddable":true,"href":"https:\/\/avsarvinc.com\/mobil\/wp-json\/wp\/v2\/comments?post=1566"}],"version-history":[{"count":1,"href":"https:\/\/avsarvinc.com\/mobil\/wp-json\/wp\/v2\/pages\/1566\/revisions"}],"predecessor-version":[{"id":2484,"href":"https:\/\/avsarvinc.com\/mobil\/wp-json\/wp\/v2\/pages\/1566\/revisions\/2484"}],"wp:featuredmedia":[{"embeddable":true,"href":"https:\/\/avsarvinc.com\/mobil\/wp-json\/wp\/v2\/media\/889"}],"wp:attachment":[{"href":"https:\/\/avsarvinc.com\/mobil\/wp-json\/wp\/v2\/media?parent=1566"}],"curies":[{"name":"wp","href":"https:\/\/api.w.org\/{rel}","templated":true}]}}