{"id":1079,"date":"2018-06-10T05:31:48","date_gmt":"2018-06-10T02:31:48","guid":{"rendered":"http:\/\/avsarvinc.com\/mobil\/?page_id=1079"},"modified":"2019-06-09T16:05:33","modified_gmt":"2019-06-09T13:05:33","slug":"sultanbeyli-kiralik-vinc-kiralama-vinc","status":"publish","type":"page","link":"https:\/\/avsarvinc.com\/mobil\/sultanbeyli-kiralik-vinc-kiralama-vinc\/","title":{"rendered":"Sultanbeyli Kiral\u0131k Vin\u00e7"},"content":{"rendered":"<p style=\"text-align: center;\">Av\u015far vin\u00e7, vin\u00e7 kiralama sekt\u00f6r\u00fcnde \u00f6nc\u00fc olup kaliteli ta\u015f\u0131maya \u00f6nem veren, m\u00fc\u015fteri memnuniyeti sa\u011flayan g\u00fcvenilir bir firmad\u0131r. Bizi di\u011fer \u015firketlerden ay\u0131ran tecr\u00fcbemizdir. 7\/24 hizmet vermekteyiz. \u0130stanbul i\u00e7i t\u00fcm b\u00f6lgelere vin\u00e7 kiralama hizmeti verilir. Sultanbeyli&#8217;de vin\u00e7 kiralamak istiyorsan\u0131z bir telefon kadar size yak\u0131n\u0131z. <a href=\"https:\/\/avsarvinc.com\/mobil\/pendik-vinc-kiralama-kiralik-vinc\/\">Pendik kiral\u0131k vin\u00e7<\/a> olarakta hizmet vermekteyiz.<\/p>\n<div id=\"attachment_2341\" style=\"width: 775px\" class=\"wp-caption aligncenter\"><img aria-describedby=\"caption-attachment-2341\" decoding=\"async\" loading=\"lazy\" class=\" wp-image-2341\" src=\"https:\/\/avsarvinc.com\/mobil\/wp-content\/uploads\/2019\/06\/Sultanbeyli-kiral\u0131k-vin\u00e7-sultanbeyli-vin\u00e7-kiralama.jpg\" alt=\"\" width=\"765\" height=\"574\" srcset=\"https:\/\/avsarvinc.com\/mobil\/wp-content\/uploads\/2019\/06\/Sultanbeyli-kiral\u0131k-vin\u00e7-sultanbeyli-vin\u00e7-kiralama.jpg 1200w, https:\/\/avsarvinc.com\/mobil\/wp-content\/uploads\/2019\/06\/Sultanbeyli-kiral\u0131k-vin\u00e7-sultanbeyli-vin\u00e7-kiralama-300x225.jpg 300w, https:\/\/avsarvinc.com\/mobil\/wp-content\/uploads\/2019\/06\/Sultanbeyli-kiral\u0131k-vin\u00e7-sultanbeyli-vin\u00e7-kiralama-768x576.jpg 768w, https:\/\/avsarvinc.com\/mobil\/wp-content\/uploads\/2019\/06\/Sultanbeyli-kiral\u0131k-vin\u00e7-sultanbeyli-vin\u00e7-kiralama-1024x768.jpg 1024w\" sizes=\"(max-width: 765px) 100vw, 765px\" \/><p id=\"caption-attachment-2341\" class=\"wp-caption-text\">Sultanbeyli kiral\u0131k vin\u00e7, sultanbeyli vin\u00e7 kiralama<\/p><\/div>\n<h2 class=\"span7 inside site-description\">Hemen Aray\u0131n \u2013 0532 484 46 14<\/h2>\n<p>&nbsp;<\/p>\n<p>Verdi\u011fimiz Hizmetler<\/p>\n<p><strong><u>\u00c7ift K\u0131rma Vin\u00e7lerimizle ;<\/u><\/strong><\/p>\n<p>Y\u00dcKLEME, BO\u015eALTMA, ALTYAPI \u00c7ALI\u015eMALARI (elektrik, su, do\u011falgaz), JENERAT\u00d6R ve KOMPRES\u00d6R MONTAJI, B\u0130NA MANTOLAMA, V\u0130N\u00c7 GEREKT\u0130REN NAKL\u0130YE \u0130\u015eLER\u0130, \u00a0\u00c7ATI-KOLON-MAK\u0130NA MONTAJI ve DEMONTAJI, HER T\u00dcRL\u00dc \u00c7EL\u0130K KONSTR\u00dcKS\u0130YON MONTAJI, V\u0130N\u00c7LE NAKL\u0130YE, FABR\u0130KA KURULUM \u2013 MONTAJ ve DEMONTAJ , \u0130N\u015eAAT SEKT\u00d6R\u00dc V\u0130N\u00c7 H\u0130ZMETLER\u0130, TERSANE VE GEM\u0130 \u0130\u015eLER\u0130, TABELA MONTAJI, TEKNE ve YAT TA\u015eIMA \u0130ND\u0130RME, TRAFO MONTAJI ve DEMONTAJI, END\u00dcSTR\u0130YEL KAZAN MONTAJI ve DEMONTAJI, \u00c7EL\u0130K ve BETON KOLONLAR, Y\u00dcKSEK BACA ve YANGIN MERD\u0130VEN\u0130 MONTAJI yap\u0131l\u0131r.<\/p>\n<p><strong><u>Hiyap Vin\u00e7lerimizle ;<\/u><\/strong><\/p>\n<p>Y\u00dcKLEME(tahmil), BO\u015eALTMA(tahliye), ALTYAPI \u00c7ALI\u015eMALARI (elektrik, su, do\u011falgaz), JENERAT\u00d6R ve KOMPRES\u00d6R MONTAJI, B\u0130NA MANTOLAMA, V\u0130N\u00c7 GEREKT\u0130REN NAKL\u0130YE \u0130\u015eLER\u0130, \u00a0\u00c7ATI-KOLON-MAK\u0130NA MONTAJI ve DEMONTAJI, HER T\u00dcRL\u00dc \u00c7EL\u0130K KONSTR\u00dcKS\u0130YON MONTAJI, V\u0130N\u00c7LE NAKL\u0130YE, FABR\u0130KA KURULUM \u2013 MONTAJ ve DEMONTAJ , \u0130N\u015eAAT SEKT\u00d6R\u00dc HERT\u00dcRL\u00dc V\u0130N\u00c7 H\u0130ZMETLER\u0130, TABELA MONTAJI, TEKNE ve YAT TA\u015eIMA \u0130ND\u0130RME, TRAFO MONTAJI ve DEMONTAJI yap\u0131l\u0131r.<\/p>\n<p><strong><u>Sepetli Vin\u00e7lerimizle ;<\/u><\/strong><\/p>\n<p>B\u0130NA MANTOLAMA, \u00a0\u00c7ATI-KOLON-MAK\u0130NA MONTAJI ve DEMONTAJI, HER T\u00dcRL\u00dc \u00c7EL\u0130K KONSTR\u00dcKS\u0130YON MONTAJI, FABR\u0130KA KURULUM \u2013 MONTAJ ve DEMONTAJ , \u0130N\u015eAAT SEKT\u00d6R\u00dc HERT\u00dcRL\u00dc V\u0130N\u00c7 H\u0130ZMETLER\u0130, TERSANE VE GEM\u0130 \u0130\u015eLER\u0130, TABELA MONTAJI, Y\u00dcKSEK BACA ve YANGIN MERD\u0130VEN\u0130 MONTAJI yap\u0131l\u0131r.<\/p>\n<p><strong><u>Teleskobik Mobil Vin\u00e7lerimizle;<\/u><\/strong><\/p>\n<p>Y\u00dcKLEME(tahmil), BO\u015eALTMA(tahliye), \u00c7ATI-KOLON-MAK\u0130NA MONTAJI ve DEMONTAJI, HER T\u00dcRL\u00dc \u00c7EL\u0130K KONSTR\u00dcKS\u0130YON MONTAJI, \u00a0HER T\u00dcR A\u011eIR NAKL\u0130YE , EK\u0130PL\u0130 MAK\u0130NA TA\u015eIMA, V\u0130N\u00c7LE NAKL\u0130YE, FABR\u0130KA KURULUM \u2013 MONTAJ ve DEMONTAJ , \u0130N\u015eAAT SEKT\u00d6R\u00dc HERT\u00dcRL\u00dc V\u0130N\u00c7 H\u0130ZMETLER\u0130, TERSANE VE GEM\u0130 \u0130\u015eLER\u0130, TABELA MONTAJI, TEKNE ve YAT TA\u015eIMA \u0130ND\u0130RME, TRAFO MONTAJI ve DEMONTAJI, END\u00dcSTR\u0130YEL KAZAN MONTAJI ve DEMONTAJI, A\u011eIR SANAY\u0130, Y\u00dcKSEK \u00c7EL\u0130K \u00c7ATI ve B\u0130NALAR, \u00c7EL\u0130K ve BETON KOLONLAR, 12 METREDEN Y\u00dcKSEK TANK \u2013 S\u0130LO \u2013 KAZAN \u2013 BUNKER MONTAJI ve DEMONTAJI, Y\u00dcKSEK BACA ve YANGIN MERD\u0130VEN\u0130 MONTAJI, \u00a0KULE V\u0130N\u00c7 MONTOJI ve<u>\u00a0<\/u>DEMONTAJI yap\u0131l\u0131r.<\/p>\n<p><img decoding=\"async\" loading=\"lazy\" class=\"aligncenter size-full wp-image-1178\" src=\"http:\/\/avsarvinc.com\/mobil\/wp-content\/uploads\/2016\/03\/20180530_142956.jpg\" alt=\"\" width=\"3264\" height=\"2448\" srcset=\"https:\/\/avsarvinc.com\/mobil\/wp-content\/uploads\/2016\/03\/20180530_142956.jpg 2048w, https:\/\/avsarvinc.com\/mobil\/wp-content\/uploads\/2016\/03\/20180530_142956-300x225.jpg 300w, https:\/\/avsarvinc.com\/mobil\/wp-content\/uploads\/2016\/03\/20180530_142956-768x576.jpg 768w, https:\/\/avsarvinc.com\/mobil\/wp-content\/uploads\/2016\/03\/20180530_142956-1024x768.jpg 1024w\" sizes=\"(max-width: 3264px) 100vw, 3264px\" \/><\/p>\n<p><img decoding=\"async\" loading=\"lazy\" class=\"aligncenter size-full wp-image-1159\" src=\"http:\/\/avsarvinc.com\/mobil\/wp-content\/uploads\/2018\/06\/20180521_180935.jpg\" alt=\"\" width=\"3264\" height=\"2448\" srcset=\"https:\/\/avsarvinc.com\/mobil\/wp-content\/uploads\/2018\/06\/20180521_180935.jpg 2048w, https:\/\/avsarvinc.com\/mobil\/wp-content\/uploads\/2018\/06\/20180521_180935-300x225.jpg 300w, https:\/\/avsarvinc.com\/mobil\/wp-content\/uploads\/2018\/06\/20180521_180935-768x576.jpg 768w, https:\/\/avsarvinc.com\/mobil\/wp-content\/uploads\/2018\/06\/20180521_180935-1024x768.jpg 1024w\" sizes=\"(max-width: 3264px) 100vw, 3264px\" \/><\/p>\n<p><img decoding=\"async\" loading=\"lazy\" class=\"aligncenter size-full wp-image-990\" src=\"http:\/\/avsarvinc.com\/mobil\/wp-content\/uploads\/2016\/04\/20171207_134033.jpg\" alt=\"\" width=\"3264\" height=\"2448\" srcset=\"https:\/\/avsarvinc.com\/mobil\/wp-content\/uploads\/2016\/04\/20171207_134033.jpg 2048w, https:\/\/avsarvinc.com\/mobil\/wp-content\/uploads\/2016\/04\/20171207_134033-300x225.jpg 300w, https:\/\/avsarvinc.com\/mobil\/wp-content\/uploads\/2016\/04\/20171207_134033-768x576.jpg 768w, https:\/\/avsarvinc.com\/mobil\/wp-content\/uploads\/2016\/04\/20171207_134033-1024x768.jpg 1024w\" sizes=\"(max-width: 3264px) 100vw, 3264px\" \/><\/p>\n<p><img decoding=\"async\" loading=\"lazy\" class=\"aligncenter size-full wp-image-861\" src=\"http:\/\/avsarvinc.com\/mobil\/wp-content\/uploads\/2016\/03\/IMG_20170926_201246_245.jpg\" alt=\"\" width=\"1080\" height=\"1229\" srcset=\"https:\/\/avsarvinc.com\/mobil\/wp-content\/uploads\/2016\/03\/IMG_20170926_201246_245.jpg 1080w, https:\/\/avsarvinc.com\/mobil\/wp-content\/uploads\/2016\/03\/IMG_20170926_201246_245-264x300.jpg 264w, https:\/\/avsarvinc.com\/mobil\/wp-content\/uploads\/2016\/03\/IMG_20170926_201246_245-768x874.jpg 768w, https:\/\/avsarvinc.com\/mobil\/wp-content\/uploads\/2016\/03\/IMG_20170926_201246_245-900x1024.jpg 900w\" sizes=\"(max-width: 1080px) 100vw, 1080px\" \/><\/p>\n<p><img decoding=\"async\" loading=\"lazy\" class=\"aligncenter size-full wp-image-932\" src=\"http:\/\/avsarvinc.com\/mobil\/wp-content\/uploads\/2016\/04\/IMG_20171029_172342_971.jpg\" alt=\"\" width=\"1080\" height=\"1080\" srcset=\"https:\/\/avsarvinc.com\/mobil\/wp-content\/uploads\/2016\/04\/IMG_20171029_172342_971.jpg 1080w, https:\/\/avsarvinc.com\/mobil\/wp-content\/uploads\/2016\/04\/IMG_20171029_172342_971-150x150.jpg 150w, https:\/\/avsarvinc.com\/mobil\/wp-content\/uploads\/2016\/04\/IMG_20171029_172342_971-300x300.jpg 300w, https:\/\/avsarvinc.com\/mobil\/wp-content\/uploads\/2016\/04\/IMG_20171029_172342_971-768x768.jpg 768w, https:\/\/avsarvinc.com\/mobil\/wp-content\/uploads\/2016\/04\/IMG_20171029_172342_971-1024x1024.jpg 1024w\" sizes=\"(max-width: 1080px) 100vw, 1080px\" \/><\/p>\n<p><img decoding=\"async\" loading=\"lazy\" class=\"aligncenter size-full wp-image-889\" src=\"http:\/\/avsarvinc.com\/mobil\/wp-content\/uploads\/2016\/04\/IMG_20171006_231642_292.jpg\" alt=\"\" width=\"2448\" height=\"2448\" srcset=\"https:\/\/avsarvinc.com\/mobil\/wp-content\/uploads\/2016\/04\/IMG_20171006_231642_292.jpg 2048w, https:\/\/avsarvinc.com\/mobil\/wp-content\/uploads\/2016\/04\/IMG_20171006_231642_292-150x150.jpg 150w, https:\/\/avsarvinc.com\/mobil\/wp-content\/uploads\/2016\/04\/IMG_20171006_231642_292-300x300.jpg 300w, https:\/\/avsarvinc.com\/mobil\/wp-content\/uploads\/2016\/04\/IMG_20171006_231642_292-768x768.jpg 768w, https:\/\/avsarvinc.com\/mobil\/wp-content\/uploads\/2016\/04\/IMG_20171006_231642_292-1024x1024.jpg 1024w\" sizes=\"(max-width: 2448px) 100vw, 2448px\" \/><\/p>\n<p><img decoding=\"async\" loading=\"lazy\" class=\"aligncenter size-full wp-image-804\" src=\"http:\/\/avsarvinc.com\/mobil\/wp-content\/uploads\/2016\/06\/IMG_20170917_180455_306.jpg\" alt=\"\" width=\"1080\" height=\"1080\" srcset=\"https:\/\/avsarvinc.com\/mobil\/wp-content\/uploads\/2016\/06\/IMG_20170917_180455_306.jpg 1080w, https:\/\/avsarvinc.com\/mobil\/wp-content\/uploads\/2016\/06\/IMG_20170917_180455_306-150x150.jpg 150w, https:\/\/avsarvinc.com\/mobil\/wp-content\/uploads\/2016\/06\/IMG_20170917_180455_306-300x300.jpg 300w, https:\/\/avsarvinc.com\/mobil\/wp-content\/uploads\/2016\/06\/IMG_20170917_180455_306-768x768.jpg 768w, https:\/\/avsarvinc.com\/mobil\/wp-content\/uploads\/2016\/06\/IMG_20170917_180455_306-1024x1024.jpg 1024w\" sizes=\"(max-width: 1080px) 100vw, 1080px\" \/><\/p>\n<p><img decoding=\"async\" loading=\"lazy\" class=\"aligncenter size-full wp-image-944\" src=\"http:\/\/avsarvinc.com\/mobil\/wp-content\/uploads\/2016\/03\/IMG_20171114_000048_956-1.jpg\" alt=\"\" width=\"2852\" height=\"2448\" srcset=\"https:\/\/avsarvinc.com\/mobil\/wp-content\/uploads\/2016\/03\/IMG_20171114_000048_956-1.jpg 2048w, https:\/\/avsarvinc.com\/mobil\/wp-content\/uploads\/2016\/03\/IMG_20171114_000048_956-1-300x258.jpg 300w, https:\/\/avsarvinc.com\/mobil\/wp-content\/uploads\/2016\/03\/IMG_20171114_000048_956-1-768x659.jpg 768w, https:\/\/avsarvinc.com\/mobil\/wp-content\/uploads\/2016\/03\/IMG_20171114_000048_956-1-1024x879.jpg 1024w\" sizes=\"(max-width: 2852px) 100vw, 2852px\" \/><\/p>\n<p><img decoding=\"async\" loading=\"lazy\" class=\"aligncenter size-full wp-image-651\" src=\"http:\/\/avsarvinc.com\/mobil\/wp-content\/uploads\/2016\/04\/IMG_20170227_223111_354.jpg\" alt=\"\" width=\"2448\" height=\"2448\" srcset=\"https:\/\/avsarvinc.com\/mobil\/wp-content\/uploads\/2016\/04\/IMG_20170227_223111_354.jpg 2048w, https:\/\/avsarvinc.com\/mobil\/wp-content\/uploads\/2016\/04\/IMG_20170227_223111_354-150x150.jpg 150w, https:\/\/avsarvinc.com\/mobil\/wp-content\/uploads\/2016\/04\/IMG_20170227_223111_354-300x300.jpg 300w, https:\/\/avsarvinc.com\/mobil\/wp-content\/uploads\/2016\/04\/IMG_20170227_223111_354-768x768.jpg 768w, https:\/\/avsarvinc.com\/mobil\/wp-content\/uploads\/2016\/04\/IMG_20170227_223111_354-1024x1024.jpg 1024w\" sizes=\"(max-width: 2448px) 100vw, 2448px\" \/><\/p>\n<p>Ayr\u0131ca <a href=\"https:\/\/avsarvinc.com\/mobil\/maltepe-kiralik-vinc-maltepe-vinc-kiralama\/\">maltepe kiral\u0131k vin\u00e7<\/a> olarak ta 7\/24 hizmet veriyoruz.<\/p>\n<p style=\"text-align: center;\"><strong>Sultanbeyli vin\u00e7 kiralama, Sultanbeyli vin\u00e7 ta\u015f\u0131ma, Sultanbeyli vinc, Av\u015far Vin\u00e7 kiralama,Sepetli vin\u00e7 kiralama,sultanbeyli kiral\u0131k vin\u00e7, kiral\u0131k vin\u00e7 sultanbeyli<\/strong><\/p>\n<p style=\"text-align: center;\">Telefon: <strong><span style=\"color: #ff0000;\">0532 484 46 14<\/span><\/strong><\/p>\n","protected":false},"excerpt":{"rendered":"<p>Av\u015far vin\u00e7, vin\u00e7 kiralama sekt\u00f6r\u00fcnde \u00f6nc\u00fc olup kaliteli ta\u015f\u0131maya \u00f6nem veren, m\u00fc\u015fteri memnuniyeti sa\u011flayan g\u00fcvenilir bir firmad\u0131r. Bizi di\u011fer \u015firketlerden ay\u0131ran tecr\u00fcbemizdir. 7\/24 hizmet vermekteyiz. \u0130stanbul i\u00e7i t\u00fcm b\u00f6lgelere vin\u00e7 kiralama hizmeti verilir. Sultanbeyli&#8217;de vin\u00e7 kiralamak istiyorsan\u0131z bir telefon kadar size yak\u0131n\u0131z. Pendik kiral\u0131k vin\u00e7 olarakta hizmet vermekteyiz. Hemen Aray\u0131n \u2013 0532 484 46 14 [&hellip;]<\/p>\n","protected":false},"author":1,"featured_media":0,"parent":0,"menu_order":0,"comment_status":"closed","ping_status":"closed","template":"","meta":[],"aioseo_notices":[],"_links":{"self":[{"href":"https:\/\/avsarvinc.com\/mobil\/wp-json\/wp\/v2\/pages\/1079"}],"collection":[{"href":"https:\/\/avsarvinc.com\/mobil\/wp-json\/wp\/v2\/pages"}],"about":[{"href":"https:\/\/avsarvinc.com\/mobil\/wp-json\/wp\/v2\/types\/page"}],"author":[{"embeddable":true,"href":"https:\/\/avsarvinc.com\/mobil\/wp-json\/wp\/v2\/users\/1"}],"replies":[{"embeddable":true,"href":"https:\/\/avsarvinc.com\/mobil\/wp-json\/wp\/v2\/comments?post=1079"}],"version-history":[{"count":4,"href":"https:\/\/avsarvinc.com\/mobil\/wp-json\/wp\/v2\/pages\/1079\/revisions"}],"predecessor-version":[{"id":2342,"href":"https:\/\/avsarvinc.com\/mobil\/wp-json\/wp\/v2\/pages\/1079\/revisions\/2342"}],"wp:attachment":[{"href":"https:\/\/avsarvinc.com\/mobil\/wp-json\/wp\/v2\/media?parent=1079"}],"curies":[{"name":"wp","href":"https:\/\/api.w.org\/{rel}","templated":true}]}}